{"id":504899,"date":"2025-04-10T14:22:57","date_gmt":"2025-04-10T12:22:57","guid":{"rendered":"https:\/\/www.brammibalsdonuts.pro\/?page_id=504899"},"modified":"2026-01-09T15:55:36","modified_gmt":"2026-01-09T14:55:36","slug":"terms-conditions-2","status":"publish","type":"page","link":"https:\/\/www.brammibalsdonuts.pro\/de\/terms-conditions-2\/","title":{"rendered":"AGB &amp; Widerrufsbelehrung"},"content":{"rendered":"\n<h4 class=\"wp-block-heading\"><strong>Allgemeine Gesch\u00e4ftsbedingungen (AGB)<\/strong><\/h4>\n\n\n\n<ol class=\"wp-block-list\">\n<li><strong>Geltungsbereich<\/strong><\/li>\n<\/ol>\n\n\n\n<p>F\u00fcr alle Bestellungen \u00fcber unseren Online-Shop gelten die nachfolgenden Allgemeinen Gesch\u00e4ftsbedingungen (AGB). Unser Online-Shop richtet sich ausschlie\u00dflich an Verbraucher:innen.<\/p>\n\n\n\n<p>Verbraucher ist jede nat\u00fcrliche Person, die ein Rechtsgesch\u00e4ft zu Zwecken abschlie\u00dft, die \u00fcberwiegend weder ihrer gewerblichen noch ihrer selbst\u00e4ndigen beruflichen T\u00e4tigkeit zugerechnet werden k\u00f6nnen. Unternehmer ist eine nat\u00fcrliche oder juristische Person oder eine rechtsf\u00e4hige Personengesellschaft, die bei Abschluss eines Rechtsgesch\u00e4fts in Aus\u00fcbung ihrer gewerblichen oder selbst\u00e4ndigen beruflichen T\u00e4tigkeit handelt.<\/p>\n\n\n\n<ol start=\"2\" class=\"wp-block-list\">\n<li><strong>Vertragspartner, Vertragsschluss, Korrekturm\u00f6glichkeiten<\/strong><\/li>\n<\/ol>\n\n\n\n<p>Der Kaufvertrag kommt zustande mit:<\/p>\n\n\n\n<p>Brammibal\u2019s Donuts GmbH<br>Boxhagener Stra\u00dfe 78<br>10245 Berlin<br>Deutschland<\/p>\n\n\n\n<p>Die Darstellung der Produkte im Online-Shop stellt kein rechtlich bindendes Angebot, sondern eine unverbindliche Aufforderung zur Abgabe einer Bestellung dar.<\/p>\n\n\n\n<p>Du kannst unsere Produkte zun\u00e4chst unverbindlich in den Warenkorb legen und deine Eingaben vor Absenden deiner verbindlichen Bestellung jederzeit korrigieren, indem du die hierf\u00fcr im Bestellablauf vorgesehenen und erl\u00e4uterten Korrekturhilfen nutzt.<\/p>\n\n\n\n<p>Durch Anklicken des Bestellbuttons gibst du ein verbindliches Angebot zum Abschluss eines Kaufvertrags \u00fcber die im Warenkorb enthaltenen Waren ab. Der Vertrag kommt zustande, sobald wir dein Angebot durch eine Annahmeerkl\u00e4rung per E-Mail (z. B. Bestell- oder Versandbest\u00e4tigung) annehmen.<\/p>\n\n\n\n<ol start=\"3\" class=\"wp-block-list\">\n<li><strong>Vertragssprache, Vertragstextspeicherung<\/strong><\/li>\n<\/ol>\n\n\n\n<p>Die f\u00fcr den Vertragsschluss zur Verf\u00fcgung stehenden Sprachen sind Deutsch und Englisch.<\/p>\n\n\n\n<p>Der Vertragstext wird von uns nicht gespeichert. Die Bestelldaten und die AGB werden dir jedoch per E-Mail zugesendet und k\u00f6nnen von dir gespeichert oder ausgedruckt werden.<\/p>\n\n\n\n<ol start=\"4\" class=\"wp-block-list\">\n<li><strong>Lieferbedingungen<\/strong><\/li>\n<\/ol>\n\n\n\n<p>Zuz\u00fcglich zu den angegebenen Produktpreisen fallen noch Versandkosten an. N\u00e4here Bestimmungen zu Liefergebieten, Lieferzeiten und ggf. anfallenden Versandkosten erf\u00e4hrst du auf der Seite \u201eVersandkosten\u201c.<\/p>\n\n\n\n<ol start=\"5\" class=\"wp-block-list\">\n<li><strong>Bezahlung<\/strong><\/li>\n<\/ol>\n\n\n\n<p>In unserem Shop stehen dir grunds\u00e4tzlich die folgenden Zahlungsarten zur Verf\u00fcgung:<\/p>\n\n\n\n<p>Kreditkarte<br>Im Bestellprozess gibst du deine Kreditkartendaten an. Deine Karte wird unmittelbar nach Abgabe der Bestellung belastet.<\/p>\n\n\n\n<p>PayPal<br>Um den Rechnungsbetrag \u00fcber die Zahlungsoption PayPal bezahlen zu k\u00f6nnen, musst du bei PayPal registriert sein, dich mit deinen Zugangsdaten legitimieren und die Zahlungsanweisung best\u00e4tigen. Die Zahlungstransaktion wird durch PayPal unmittelbar nach Abgabe der Bestellung durchgef\u00fchrt.<\/p>\n\n\n\n<p>SOFORT (Klarna)<br>Mit Hilfe des Verfahrens \u201eSOFORT\u201c erhalten wir in Echtzeit eine Zahlungsbest\u00e4tigung und k\u00f6nnen unverz\u00fcglich mit der Erf\u00fcllung unserer Verbindlichkeiten beginnen.<\/p>\n\n\n\n<p>Apple Pay<br>Wenn du Apple Pay als Zahlungsart ausw\u00e4hlst, erfolgt die Zahlung \u00fcber die in deinem Apple-Wallet hinterlegte Zahlungsart gem\u00e4\u00df den Bedingungen von Apple.<\/p>\n\n\n\n<ol start=\"6\" class=\"wp-block-list\">\n<li><strong>Eigentumsvorbehalt<\/strong><\/li>\n<\/ol>\n\n\n\n<p>Die Ware bleibt bis zur vollst\u00e4ndigen Bezahlung unser Eigentum.<\/p>\n\n\n\n<ol start=\"7\" class=\"wp-block-list\">\n<li><strong>Transportsch\u00e4den<\/strong><\/li>\n<\/ol>\n\n\n\n<p>Werden Waren mit offensichtlichen Transportsch\u00e4den angeliefert, so reklamieren Sie solche Fehler bitte m\u00f6glichst sofort beim Zusteller und nehmen Sie bitte unverz\u00fcglich Kontakt zu uns auf. Die Vers\u00e4umung einer Reklamation oder Kontaktaufnahme hat f\u00fcr Ihre gesetzlichen Anspr\u00fcche und deren Durchsetzung, insbesondere Ihre Gew\u00e4hrleistungsrechte, keinerlei Konsequenzen. Sie helfen uns aber, unsere eigenen Anspr\u00fcche gegen\u00fcber dem Frachtf\u00fchrer bzw. der Transportversicherung geltend machen zu k\u00f6nnen.<\/p>\n\n\n\n<ol start=\"8\" class=\"wp-block-list\">\n<li><strong>Gew\u00e4hrleistung und Garantien<\/strong><\/li>\n<\/ol>\n\n\n\n<p>8.1 M\u00e4ngelhaftungsrecht<br>Es gilt das gesetzliche M\u00e4ngelhaftungsrecht.<\/p>\n\n\n\n<p>8.2 Garantien und Kundendienst<br>Informationen zu gegebenenfalls geltenden zus\u00e4tzlichen Garantien und deren genaue Bedingungen finden Sie jeweils beim Produkt und auf besonderen Informationsseiten im Online-Shop.<\/p>\n\n\n\n<ol start=\"9\" class=\"wp-block-list\">\n<li><strong>Haftung<\/strong><\/li>\n<\/ol>\n\n\n\n<p>F\u00fcr Anspr\u00fcche aufgrund von Sch\u00e4den, die durch uns, unsere gesetzlichen Vertreter oder Erf\u00fcllungsgehilfen verursacht wurden, haften wir stets unbeschr\u00e4nkt:<\/p>\n\n\n\n<p>\u2013 bei Verletzung des Lebens, des K\u00f6rpers oder der Gesundheit,<br>\u2013 bei vors\u00e4tzlicher oder grob fahrl\u00e4ssiger Pflichtverletzung,<br>\u2013 bei Garantieversprechen, soweit vereinbart, oder<br>\u2013 soweit der Anwendungsbereich des Produkthaftungsgesetzes er\u00f6ffnet ist.<\/p>\n\n\n\n<p>Bei Verletzung wesentlicher Vertragspflichten (Kardinalpflichten), deren Erf\u00fcllung die ordnungsgem\u00e4\u00dfe Durchf\u00fchrung des Vertrages \u00fcberhaupt erst erm\u00f6glicht und auf deren Einhaltung der Vertragspartner regelm\u00e4\u00dfig vertrauen darf, ist die Haftung bei leichter Fahrl\u00e4ssigkeit der H\u00f6he nach auf den bei Vertragsschluss vorhersehbaren Schaden begrenzt, mit dessen Entstehung typischerweise gerechnet werden muss.<\/p>\n\n\n\n<p>Im \u00dcbrigen sind Anspr\u00fcche auf Schadensersatz ausgeschlossen.<\/p>\n\n\n\n<ol start=\"10\" class=\"wp-block-list\">\n<li><strong>Widerrufsrecht<\/strong><\/li>\n<\/ol>\n\n\n\n<p>10.1 Widerrufsrecht f\u00fcr Merch-Artikel<\/p>\n\n\n\n<p>Du hast das Recht, binnen vierzehn Tagen ohne Angabe von Gr\u00fcnden diesen Vertrag zu widerrufen. Die Widerrufsfrist betr\u00e4gt vierzehn Tage ab dem Tag, an dem du oder ein von dir benannter Dritter, der nicht der Bef\u00f6rderer ist, die letzte Ware in Besitz genommen hast bzw. hat.<\/p>\n\n\n\n<p>Um das Widerrufsrecht auszu\u00fcben, musst du uns (Brammibal\u2019s Donuts GmbH, Boxhagener Stra\u00dfe 78, 10245 Berlin, Deutschland, <a>hello@brammibalsdonuts.pro<\/a>) mittels einer eindeutigen Erkl\u00e4rung (z. B. ein mit der Post versandter Brief oder E-Mail) \u00fcber deinen Entschluss, diesen Vertrag zu widerrufen, informieren. Du kannst daf\u00fcr das beigef\u00fcgte Muster-Widerrufsformular verwenden, das jedoch nicht vorgeschrieben ist.<\/p>\n\n\n\n<p>Zur Wahrung der Widerrufsfrist reicht es aus, dass du die Mitteilung \u00fcber die Aus\u00fcbung des Widerrufsrechts vor Ablauf der Widerrufsfrist absendest.<\/p>\n\n\n\n<p>10.2 Folgen des Widerrufs<\/p>\n\n\n\n<p>Wenn du diesen Vertrag widerrufst, haben wir dir alle Zahlungen, die wir von dir erhalten haben (mit Ausnahme der Versandkosten sowie zus\u00e4tzlicher Kosten, die sich daraus ergeben, dass du eine andere Art der Lieferung als die von uns angebotene g\u00fcnstigste Standardlieferung gew\u00e4hlt hast), unverz\u00fcglich und sp\u00e4testens binnen vierzehn Tagen ab dem Tag zur\u00fcckzuzahlen, an dem die Mitteilung \u00fcber den Widerruf dieses Vertrags bei uns eingegangen ist.<\/p>\n\n\n\n<p>F\u00fcr diese R\u00fcckzahlung verwenden wir dasselbe Zahlungsmittel, das du bei der urspr\u00fcnglichen Transaktion eingesetzt hast, es sei denn, es wurde ausdr\u00fccklich etwas anderes vereinbart. Wir k\u00f6nnen die R\u00fcckzahlung verweigern, bis wir die Waren wieder zur\u00fcckerhalten haben oder bis du den Nachweis erbracht hast, dass du die Waren zur\u00fcckgesandt hast, je nachdem, welches der fr\u00fchere Zeitpunkt ist.<\/p>\n\n\n\n<p>Du hast die Waren unverz\u00fcglich und in jedem Fall sp\u00e4testens binnen vierzehn Tagen ab dem Tag, an dem du uns \u00fcber den Widerruf dieses Vertrags unterrichtest, an uns zur\u00fcckzusenden oder zu \u00fcbergeben. Die Frist ist gewahrt, wenn du die Waren vor Ablauf der Frist von vierzehn Tagen absendest.<\/p>\n\n\n\n<p>Du tr\u00e4gst die unmittelbaren Kosten der R\u00fccksendung der Waren. Du musst f\u00fcr einen etwaigen Wertverlust der Waren nur aufkommen, wenn dieser Wertverlust auf einen zur Pr\u00fcfung der Beschaffenheit, Eigenschaften und Funktionsweise der Waren nicht notwendigen Umgang mit ihnen zur\u00fcckzuf\u00fchren ist.<\/p>\n\n\n\n<p>10.3 Ausschluss des Widerrufsrechts<\/p>\n\n\n\n<p>Das Widerrufsrecht besteht nicht bei Vertr\u00e4gen zur Lieferung von Waren, die schnell verderben k\u00f6nnen oder deren Verfallsdatum schnell \u00fcberschritten w\u00fcrde, insbesondere bei frischen Lebensmitteln.<\/p>\n\n\n\n<ol start=\"11\" class=\"wp-block-list\">\n<li><strong>Muster-Widerrufsformular<\/strong><\/li>\n<\/ol>\n\n\n\n<p>(Wenn du den Vertrag widerrufen m\u00f6chtest, dann f\u00fclle bitte dieses Formular aus und sende es an uns zur\u00fcck.)<\/p>\n\n\n\n<p>\u2013 Brammibal\u2019s Donuts GmbH, Boxhagener Stra\u00dfe 78, 10245 Berlin, Deutschland, <a>hello@brammibalsdonuts.pro<\/a><br>\u2013 Hiermit widerrufe(n) ich\/wir (<em>) den von mir\/uns (<\/em>) abgeschlossenen Vertrag \u00fcber den Kauf der folgenden Waren (<em>)<br>\u2013 Bestellt am (<\/em>) \/ erhalten am (*)<br>\u2013 Name des\/der Verbraucher(s)<br>\u2013 Anschrift des\/der Verbraucher(s)<br>\u2013 Unterschrift des\/der Verbraucher(s) (nur bei Mitteilung auf Papier)<br>\u2013 Datum<\/p>\n\n\n\n<p>(*) Unzutreffendes streichen.<\/p>\n\n\n\n<ol start=\"12\" class=\"wp-block-list\">\n<li><strong>Streitbeilegung<\/strong><\/li>\n<\/ol>\n\n\n\n<p>Die Europ\u00e4ische Kommission stellt eine Plattform zur Online-Streitbeilegung (OS) bereit. Wir sind weder verpflichtet noch bereit, an einem Streitbeilegungsverfahren vor einer Verbraucherschlichtungsstelle teilzunehmen.<\/p>\n","protected":false},"excerpt":{"rendered":"<p>Allgemeine Gesch\u00e4ftsbedingungen (AGB) F\u00fcr alle Bestellungen \u00fcber unseren Online-Shop gelten die nachfolgenden Allgemeinen Gesch\u00e4ftsbedingungen (AGB). Unser Online-Shop richtet sich ausschlie\u00dflich an Verbraucher:innen. Verbraucher ist jede nat\u00fcrliche Person, die ein Rechtsgesch\u00e4ft zu Zwecken abschlie\u00dft, die \u00fcberwiegend weder ihrer gewerblichen noch ihrer selbst\u00e4ndigen beruflichen T\u00e4tigkeit zugerechnet werden k\u00f6nnen. Unternehmer ist eine nat\u00fcrliche oder juristische Person oder eine [&hellip;]<\/p>\n","protected":false},"author":2,"featured_media":0,"parent":0,"menu_order":13,"comment_status":"closed","ping_status":"closed","template":"","meta":{"_acf_changed":false,"footnotes":""},"class_list":["post-504899","page","type-page","status-publish","hentry"],"acf":[],"yoast_head":"<!-- This site is optimized with the Yoast SEO plugin v27.3 - https:\/\/yoast.com\/product\/yoast-seo-wordpress\/ -->\n<title>AGB &amp; Widerrufsbelehrung - Brammibal&#039;s Vegan Donuts<\/title>\n<meta name=\"robots\" content=\"index, follow, max-snippet:-1, max-image-preview:large, max-video-preview:-1\" \/>\n<link rel=\"canonical\" href=\"https:\/\/www.brammibalsdonuts.pro\/de\/terms-conditions-2\/\" \/>\n<meta property=\"og:locale\" content=\"de_DE\" \/>\n<meta property=\"og:type\" content=\"article\" \/>\n<meta property=\"og:title\" content=\"AGB &amp; Widerrufsbelehrung - Brammibal&#039;s Vegan Donuts\" \/>\n<meta property=\"og:description\" content=\"Allgemeine Gesch\u00e4ftsbedingungen (AGB) F\u00fcr alle Bestellungen \u00fcber unseren Online-Shop gelten die nachfolgenden Allgemeinen Gesch\u00e4ftsbedingungen (AGB). Unser Online-Shop richtet sich ausschlie\u00dflich an Verbraucher:innen. Verbraucher ist jede nat\u00fcrliche Person, die ein Rechtsgesch\u00e4ft zu Zwecken abschlie\u00dft, die \u00fcberwiegend weder ihrer gewerblichen noch ihrer selbst\u00e4ndigen beruflichen T\u00e4tigkeit zugerechnet werden k\u00f6nnen. Unternehmer ist eine nat\u00fcrliche oder juristische Person oder eine [&hellip;]\" \/>\n<meta property=\"og:url\" content=\"https:\/\/www.brammibalsdonuts.pro\/de\/terms-conditions-2\/\" \/>\n<meta property=\"og:site_name\" content=\"Brammibal&#039;s Vegan Donuts\" \/>\n<meta property=\"article:publisher\" content=\"https:\/\/www.facebook.com\/brammibalsdonuts\/\" \/>\n<meta property=\"article:modified_time\" content=\"2026-01-09T14:55:36+00:00\" \/>\n<meta name=\"twitter:card\" content=\"summary_large_image\" \/>\n<meta name=\"twitter:label1\" content=\"Gesch\u00e4tzte Lesezeit\" \/>\n\t<meta name=\"twitter:data1\" content=\"5\u00a0Minuten\" \/>\n<script type=\"application\/ld+json\" class=\"yoast-schema-graph\">{\"@context\":\"https:\\\/\\\/schema.org\",\"@graph\":[{\"@type\":\"WebPage\",\"@id\":\"https:\\\/\\\/www.brammibalsdonuts.pro\\\/de\\\/terms-conditions-2\\\/\",\"url\":\"https:\\\/\\\/www.brammibalsdonuts.pro\\\/de\\\/terms-conditions-2\\\/\",\"name\":\"AGB &amp; Widerrufsbelehrung - Brammibal&#039;s Vegan Donuts\",\"isPartOf\":{\"@id\":\"https:\\\/\\\/www.brammibalsdonuts.pro\\\/#website\"},\"datePublished\":\"2025-04-10T12:22:57+00:00\",\"dateModified\":\"2026-01-09T14:55:36+00:00\",\"breadcrumb\":{\"@id\":\"https:\\\/\\\/www.brammibalsdonuts.pro\\\/de\\\/terms-conditions-2\\\/#breadcrumb\"},\"inLanguage\":\"de\",\"potentialAction\":[{\"@type\":\"ReadAction\",\"target\":[\"https:\\\/\\\/www.brammibalsdonuts.pro\\\/de\\\/terms-conditions-2\\\/\"]}]},{\"@type\":\"BreadcrumbList\",\"@id\":\"https:\\\/\\\/www.brammibalsdonuts.pro\\\/de\\\/terms-conditions-2\\\/#breadcrumb\",\"itemListElement\":[{\"@type\":\"ListItem\",\"position\":1,\"name\":\"Home\",\"item\":\"https:\\\/\\\/www.brammibalsdonuts.pro\\\/de\\\/\"},{\"@type\":\"ListItem\",\"position\":2,\"name\":\"AGB &amp; Widerrufsbelehrung\"}]},{\"@type\":\"WebSite\",\"@id\":\"https:\\\/\\\/www.brammibalsdonuts.pro\\\/#website\",\"url\":\"https:\\\/\\\/www.brammibalsdonuts.pro\\\/\",\"name\":\"Brammibal's Vegan Donuts\",\"description\":\"The best donuts in town.\",\"publisher\":{\"@id\":\"https:\\\/\\\/www.brammibalsdonuts.pro\\\/#organization\"},\"potentialAction\":[{\"@type\":\"SearchAction\",\"target\":{\"@type\":\"EntryPoint\",\"urlTemplate\":\"https:\\\/\\\/www.brammibalsdonuts.pro\\\/?s={search_term_string}\"},\"query-input\":{\"@type\":\"PropertyValueSpecification\",\"valueRequired\":true,\"valueName\":\"search_term_string\"}}],\"inLanguage\":\"de\"},{\"@type\":\"Organization\",\"@id\":\"https:\\\/\\\/www.brammibalsdonuts.pro\\\/#organization\",\"name\":\"Brammibal's Vegan Donuts\",\"url\":\"https:\\\/\\\/www.brammibalsdonuts.pro\\\/\",\"logo\":{\"@type\":\"ImageObject\",\"inLanguage\":\"de\",\"@id\":\"https:\\\/\\\/www.brammibalsdonuts.pro\\\/#\\\/schema\\\/logo\\\/image\\\/\",\"url\":\"https:\\\/\\\/www.brammibalsdonuts.pro\\\/wp-content\\\/uploads\\\/2020\\\/09\\\/logo-transparent.png\",\"contentUrl\":\"https:\\\/\\\/www.brammibalsdonuts.pro\\\/wp-content\\\/uploads\\\/2020\\\/09\\\/logo-transparent.png\",\"width\":265,\"height\":234,\"caption\":\"Brammibal's Vegan Donuts\"},\"image\":{\"@id\":\"https:\\\/\\\/www.brammibalsdonuts.pro\\\/#\\\/schema\\\/logo\\\/image\\\/\"},\"sameAs\":[\"https:\\\/\\\/www.facebook.com\\\/brammibalsdonuts\\\/\",\"https:\\\/\\\/www.instagram.com\\\/brammibalsdonuts\\\/\",\"https:\\\/\\\/www.tiktok.com\\\/@brammibalsdonuts?lang=en\",\"https:\\\/\\\/www.linkedin.com\\\/company\\\/brammibals-donuts\\\/?originalSubdomain=de\"]}]}<\/script>\n<!-- \/ Yoast SEO plugin. -->","yoast_head_json":{"title":"AGB &amp; Widerrufsbelehrung - Brammibal&#039;s Vegan Donuts","robots":{"index":"index","follow":"follow","max-snippet":"max-snippet:-1","max-image-preview":"max-image-preview:large","max-video-preview":"max-video-preview:-1"},"canonical":"https:\/\/www.brammibalsdonuts.pro\/de\/terms-conditions-2\/","og_locale":"de_DE","og_type":"article","og_title":"AGB &amp; Widerrufsbelehrung - Brammibal&#039;s Vegan Donuts","og_description":"Allgemeine Gesch\u00e4ftsbedingungen (AGB) F\u00fcr alle Bestellungen \u00fcber unseren Online-Shop gelten die nachfolgenden Allgemeinen Gesch\u00e4ftsbedingungen (AGB). Unser Online-Shop richtet sich ausschlie\u00dflich an Verbraucher:innen. Verbraucher ist jede nat\u00fcrliche Person, die ein Rechtsgesch\u00e4ft zu Zwecken abschlie\u00dft, die \u00fcberwiegend weder ihrer gewerblichen noch ihrer selbst\u00e4ndigen beruflichen T\u00e4tigkeit zugerechnet werden k\u00f6nnen. Unternehmer ist eine nat\u00fcrliche oder juristische Person oder eine [&hellip;]","og_url":"https:\/\/www.brammibalsdonuts.pro\/de\/terms-conditions-2\/","og_site_name":"Brammibal&#039;s Vegan Donuts","article_publisher":"https:\/\/www.facebook.com\/brammibalsdonuts\/","article_modified_time":"2026-01-09T14:55:36+00:00","twitter_card":"summary_large_image","twitter_misc":{"Gesch\u00e4tzte Lesezeit":"5\u00a0Minuten"},"schema":{"@context":"https:\/\/schema.org","@graph":[{"@type":"WebPage","@id":"https:\/\/www.brammibalsdonuts.pro\/de\/terms-conditions-2\/","url":"https:\/\/www.brammibalsdonuts.pro\/de\/terms-conditions-2\/","name":"AGB &amp; Widerrufsbelehrung - Brammibal&#039;s Vegan Donuts","isPartOf":{"@id":"https:\/\/www.brammibalsdonuts.pro\/#website"},"datePublished":"2025-04-10T12:22:57+00:00","dateModified":"2026-01-09T14:55:36+00:00","breadcrumb":{"@id":"https:\/\/www.brammibalsdonuts.pro\/de\/terms-conditions-2\/#breadcrumb"},"inLanguage":"de","potentialAction":[{"@type":"ReadAction","target":["https:\/\/www.brammibalsdonuts.pro\/de\/terms-conditions-2\/"]}]},{"@type":"BreadcrumbList","@id":"https:\/\/www.brammibalsdonuts.pro\/de\/terms-conditions-2\/#breadcrumb","itemListElement":[{"@type":"ListItem","position":1,"name":"Home","item":"https:\/\/www.brammibalsdonuts.pro\/de\/"},{"@type":"ListItem","position":2,"name":"AGB &amp; Widerrufsbelehrung"}]},{"@type":"WebSite","@id":"https:\/\/www.brammibalsdonuts.pro\/#website","url":"https:\/\/www.brammibalsdonuts.pro\/","name":"Brammibal's Vegan Donuts","description":"The best donuts in town.","publisher":{"@id":"https:\/\/www.brammibalsdonuts.pro\/#organization"},"potentialAction":[{"@type":"SearchAction","target":{"@type":"EntryPoint","urlTemplate":"https:\/\/www.brammibalsdonuts.pro\/?s={search_term_string}"},"query-input":{"@type":"PropertyValueSpecification","valueRequired":true,"valueName":"search_term_string"}}],"inLanguage":"de"},{"@type":"Organization","@id":"https:\/\/www.brammibalsdonuts.pro\/#organization","name":"Brammibal's Vegan Donuts","url":"https:\/\/www.brammibalsdonuts.pro\/","logo":{"@type":"ImageObject","inLanguage":"de","@id":"https:\/\/www.brammibalsdonuts.pro\/#\/schema\/logo\/image\/","url":"https:\/\/www.brammibalsdonuts.pro\/wp-content\/uploads\/2020\/09\/logo-transparent.png","contentUrl":"https:\/\/www.brammibalsdonuts.pro\/wp-content\/uploads\/2020\/09\/logo-transparent.png","width":265,"height":234,"caption":"Brammibal's Vegan Donuts"},"image":{"@id":"https:\/\/www.brammibalsdonuts.pro\/#\/schema\/logo\/image\/"},"sameAs":["https:\/\/www.facebook.com\/brammibalsdonuts\/","https:\/\/www.instagram.com\/brammibalsdonuts\/","https:\/\/www.tiktok.com\/@brammibalsdonuts?lang=en","https:\/\/www.linkedin.com\/company\/brammibals-donuts\/?originalSubdomain=de"]}]}},"_links":{"self":[{"href":"https:\/\/www.brammibalsdonuts.pro\/de\/wp-json\/wp\/v2\/pages\/504899","targetHints":{"allow":["GET"]}}],"collection":[{"href":"https:\/\/www.brammibalsdonuts.pro\/de\/wp-json\/wp\/v2\/pages"}],"about":[{"href":"https:\/\/www.brammibalsdonuts.pro\/de\/wp-json\/wp\/v2\/types\/page"}],"author":[{"embeddable":true,"href":"https:\/\/www.brammibalsdonuts.pro\/de\/wp-json\/wp\/v2\/users\/2"}],"replies":[{"embeddable":true,"href":"https:\/\/www.brammibalsdonuts.pro\/de\/wp-json\/wp\/v2\/comments?post=504899"}],"version-history":[{"count":3,"href":"https:\/\/www.brammibalsdonuts.pro\/de\/wp-json\/wp\/v2\/pages\/504899\/revisions"}],"predecessor-version":[{"id":667925,"href":"https:\/\/www.brammibalsdonuts.pro\/de\/wp-json\/wp\/v2\/pages\/504899\/revisions\/667925"}],"wp:attachment":[{"href":"https:\/\/www.brammibalsdonuts.pro\/de\/wp-json\/wp\/v2\/media?parent=504899"}],"curies":[{"name":"wp","href":"https:\/\/api.w.org\/{rel}","templated":true}]}}