{"id":50335,"date":"2020-11-03T13:37:04","date_gmt":"2020-11-03T12:37:04","guid":{"rendered":"https:\/\/www.brammibalsdonuts.pro\/?page_id=50335"},"modified":"2025-04-10T14:24:55","modified_gmt":"2025-04-10T12:24:55","slug":"allgemeine-geschaeftsbedingungen","status":"publish","type":"page","link":"https:\/\/www.brammibalsdonuts.pro\/de\/allgemeine-geschaeftsbedingungen\/","title":{"rendered":"Allgemeine Gesch\u00e4ftsbedingungen"},"content":{"rendered":"\n<p>Donut Vorbestellungen <br><\/p>\n\n\n\n<p>Unsere Donuts werden t\u00e4glich frisch hergestellt ohne Verwendung von Konservierungsstoffen und sollten daher noch am gleichen Tag verzehrt werden. Unsere Donuts sind nicht zum Verzehr am n\u00e4chsten Tag geeignet.<\/p>\n\n\n\n<p>Vorbestellungen m\u00fcssen im vereinbarten Zeitfenster am ausgew\u00e4hlten Standort abgeholt werden. Wir k\u00f6nnen nicht sicherstellen, dass deine Donuts zu einem sp\u00e4teren Zeitpunkt noch verf\u00fcgbar sind. <\/p>\n\n\n\n<p>Vorbestellungen, welche nicht wie vereinbart abgeholt werden sind, k\u00f6nnen nicht erstattet werden. Alle Donuts, die am Ende eines Tages nicht abgeholt worden sind, werden gespendet und k\u00f6nnen nicht am n\u00e4chsten Tag abgeholt werden. <\/p>\n\n\n\n<p>Stornierungen m\u00fcssen einen Tag im voraus erfolgen per E-Mail um eine volle R\u00fcckerstattung zu erhalten. <br><br><\/p>\n\n\n\n<p>Allgemeine Gesch\u00e4ftsbedingungen Online Shop<\/p>\n\n\n\n<p>1. Geltungsbereich<\/p>\n\n\n\n<p>F\u00fcr alle Bestellungen \u00fcber unseren Online-Shop gelten die nachfolgenden AGB. Unser Online-Shop richtet sich ausschlie\u00dflich an Verbraucher:innen.<\/p>\n\n\n\n<p>Verbraucher ist jede nat\u00fcrliche Person, die ein Rechtsgesch\u00e4ft zu Zwecken abschlie\u00dft, die \u00fcberwiegend weder ihrer gewerblichen noch ihrer selbst\u00e4ndigen beruflichen T\u00e4tigkeit zugerechnet werden k\u00f6nnen. Unternehmer ist eine nat\u00fcrliche oder juristische Person oder eine rechtsf\u00e4hige Personengesellschaft, die bei Abschluss eines Rechtsgesch\u00e4fts in Aus\u00fcbung ihrer gewerblichen oder selbst\u00e4ndigen beruflichen T\u00e4tigkeit handelt.<\/p>\n\n\n\n<p>2. Vertragspartner, Vertragsschluss, Korrekturm\u00f6glichkeiten<\/p>\n\n\n\n<p>Der Kaufvertrag kommt zustande mit Brammibal\u2019s Donuts GmbH<\/p>\n\n\n\n<p>Mit Einstellung der Produkte in den Online-Shop geben wir ein verbindliches Angebot zum Vertragsschluss \u00fcber diese Artikel ab. Sie k\u00f6nnen unsere Produkte zun\u00e4chst unverbindlich in den Warenkorb legen und Ihre Eingaben vor Absenden Ihrer verbindlichen Bestellung jederzeit korrigieren, indem Sie die hierf\u00fcr im Bestellablauf vorgesehenen und erl\u00e4uterten Korrekturhilfen nutzen. Der Vertrag kommt zustande, indem Sie durch Anklicken des Bestellbuttons das Angebot \u00fcber die im Warenkorb enthaltenen Waren annehmen. Unmittelbar nach dem Absenden der Bestellung erhalten Sie noch einmal eine Best\u00e4tigung per E-Mail.<\/p>\n\n\n\n<p>3. Vertragssprache, Vertragstextspeicherung<\/p>\n\n\n\n<p>Die f\u00fcr den Vertragsschluss zur Verf\u00fcgung stehende(n) Sprache(n): Deutsch, Englisch<\/p>\n\n\n\n<p>4. Lieferbedingungen<\/p>\n\n\n\n<p>Zuz\u00fcglich zu den angegebenen Produktpreisen fallen noch Versandkosten an. N\u00e4here Bestimmungen zu ggf. anfallenden Versandkosten erfahren Sie auf der Seite Versandkosten.<\/p>\n\n\n\n<p>5. Bezahlung<\/p>\n\n\n\n<p>In unserem Shop stehen dir grunds\u00e4tzlich die folgenden Zahlungsarten zur Verf\u00fcgung:<\/p>\n\n\n\n<p>Kreditkarte<\/p>\n\n\n\n<p>Im Bestellprozess gibst du deine Kreditkartendaten an. Deine Karte wird unmittelbar nach Abgabe der Bestellung belastet.<\/p>\n\n\n\n<p>PayPal<\/p>\n\n\n\n<p>Um den Rechnungsbetrag \u00fcber die Zahlungsoption PayPal bezahlen zu k\u00f6nnen, musst du bei PayPal registriert sein, dich mit deinen Zugangsdaten legitimieren und die Zahlungsanweisung best\u00e4tigen. Die Zahlungstransaktion wird durch PayPal unmittelbar nach Abgabe der Bestellung durchgef\u00fchrt.<\/p>\n\n\n\n<p>Sofort\u00fcberweisung<\/p>\n\n\n\n<p>Mit Hilfe des Verfahrens \u201cSofort\u00fcberweisung\u201d erhalten wir in Echtzeit eine Zahlungsbest\u00e4tigung von der Sofort GmbH und k\u00f6nnen unverz\u00fcglich mit der Erf\u00fcllung unserer Verbindlichkeiten beginnen.<\/p>\n\n\n\n<p>Apple Pay<\/p>\n\n\n\n<p>Verwenden von Apple Pay f\u00fcr kontaktlose Zahlungen auf dem iPhone.<br>Wenn du deine Apple Cash-, Kredit- und Debitkarten in der App \u201eWallet\u201c auf dem iPhone hinterlegst, kannst du Apple Pay zum sicheren kontaktlosen Bezahlen in unserem Online Shop verwenden.<\/p>\n\n\n\n<p>6. Eigentumsvorbehalt\u200b\u200b\u200b\u200b\u200b\u200b\u200b<\/p>\n\n\n\n<p>Die Ware bleibt bis zur vollst\u00e4ndigen Bezahlung unser Eigentum.<\/p>\n\n\n\n<p>7. Transportsch\u00e4den\u200b\u200b\u200b\u200b\u200b\u200b\u200b<\/p>\n\n\n\n<p>Werden Waren mit offensichtlichen Transportsch\u00e4den angeliefert, so reklamieren Sie solche Fehler bitte m\u00f6glichst sofort beim Zusteller und nehmen Sie bitte unverz\u00fcglich Kontakt zu uns auf. Die Vers\u00e4umung einer Reklamation oder Kontaktaufnahme hat f\u00fcr Ihre gesetzlichen Anspr\u00fcche und deren Durchsetzung, insbesondere Ihre Gew\u00e4hrleistungsrechte, keinerlei Konsequenzen. Sie helfen uns aber, unsere eigenen Anspr\u00fcche gegen\u00fcber dem Frachtf\u00fchrer bzw. der Transportversicherung geltend machen zu k\u00f6nnen.<\/p>\n\n\n\n<p>8. Gew\u00e4hrleistung und Garantien\u200b\u200b\u200b\u200b\u200b\u200b\u200b<\/p>\n\n\n\n<p>8.1 M\u00e4ngelhaftungsrecht<\/p>\n\n\n\n<p>Es gilt das gesetzliche M\u00e4ngelhaftungsrecht.<\/p>\n\n\n\n<p>8.2 Garantien und Kundendienst<\/p>\n\n\n\n<p>Informationen zu gegebenenfalls geltenden zus\u00e4tzlichen Garantien und deren genaue Bedingungen finden Sie jeweils beim Produkt und auf besonderen Informationsseiten im Online Shop.<\/p>\n\n\n\n<p>9. Haftung\u200b\u200b\u200b\u200b\u200b\u200b\u200b<\/p>\n\n\n\n<p>F\u00fcr Anspr\u00fcche aufgrund von Sch\u00e4den, die durch uns, unsere gesetzlichen Vertreter oder Erf\u00fcllungsgehilfen verursacht wurden, haften wir stets unbeschr\u00e4nkt<\/p>\n\n\n\n<p>bei Verletzung des Lebens, des K\u00f6rpers oder der Gesundheit,<br>bei vors\u00e4tzlicher oder grob fahrl\u00e4ssiger Pflichtverletzung,<br>bei Garantieversprechen, soweit vereinbart, oder<br>soweit der Anwendungsbereich des Produkthaftungsgesetzes er\u00f6ffnet ist.<\/p>\n\n\n\n<p>Bei Verletzung wesentlicher Vertragspflichten, deren Erf\u00fcllung die ordnungsgem\u00e4\u00dfe Durchf\u00fchrung des Vertrages \u00fcberhaupt erst erm\u00f6glicht und auf deren Einhaltung der Vertragspartner regelm\u00e4\u00dfig vertrauen darf, (Kardinalpflichten) durch leichte Fahrl\u00e4ssigkeit von uns, unseren gesetzlichen Vertretern oder Erf\u00fcllungsgehilfen ist die Haftung der H\u00f6he nach auf den bei Vertragsschluss vorhersehbaren Schaden begrenzt, mit dessen Entstehung typischerweise gerechnet werden muss.<\/p>\n\n\n\n<p>Im \u00dcbrigen sind Anspr\u00fcche auf Schadensersatz ausgeschlossen.<\/p>\n\n\n\n<p>10. Streitbeilegung\u200b\u200b\u200b\u200b\u200b\u200b\u200b<\/p>\n\n\n\n<p>Die Europ\u00e4ische Kommission stellt eine Plattform zur Online-Streitbeilegung (OS) bereit, die Sie hier finden. Wir sind bereit, an einem au\u00dfergerichtlichen Schlichtungsverfahren vor einer Verbraucherschlichtungsstelle teilzunehmen.<\/p>\n","protected":false},"excerpt":{"rendered":"<p>Donut Vorbestellungen Unsere Donuts werden t\u00e4glich frisch hergestellt ohne Verwendung von Konservierungsstoffen und sollten daher noch am gleichen Tag verzehrt werden. Unsere Donuts sind nicht zum Verzehr am n\u00e4chsten Tag geeignet. Vorbestellungen m\u00fcssen im vereinbarten Zeitfenster am ausgew\u00e4hlten Standort abgeholt werden. Wir k\u00f6nnen nicht sicherstellen, dass deine Donuts zu einem sp\u00e4teren Zeitpunkt noch verf\u00fcgbar sind. [&hellip;]<\/p>\n","protected":false},"author":2,"featured_media":0,"parent":0,"menu_order":36,"comment_status":"closed","ping_status":"closed","template":"","meta":{"_acf_changed":false,"footnotes":""},"class_list":["post-50335","page","type-page","status-publish","hentry"],"acf":[],"yoast_head":"<!-- This site is optimized with the Yoast SEO plugin v27.3 - https:\/\/yoast.com\/product\/yoast-seo-wordpress\/ -->\n<title>Allgemeine Gesch\u00e4ftsbedingungen - Brammibal&#039;s Vegan Donuts<\/title>\n<meta name=\"robots\" content=\"index, follow, max-snippet:-1, max-image-preview:large, max-video-preview:-1\" \/>\n<link rel=\"canonical\" href=\"https:\/\/www.brammibalsdonuts.de\/allgemeine-geschaeftsbedingungen\/\" \/>\n<meta property=\"og:locale\" content=\"de_DE\" \/>\n<meta property=\"og:type\" content=\"article\" \/>\n<meta property=\"og:title\" content=\"Allgemeine Gesch\u00e4ftsbedingungen - Brammibal&#039;s Vegan Donuts\" \/>\n<meta property=\"og:description\" content=\"Donut Vorbestellungen Unsere Donuts werden t\u00e4glich frisch hergestellt ohne Verwendung von Konservierungsstoffen und sollten daher noch am gleichen Tag verzehrt werden. Unsere Donuts sind nicht zum Verzehr am n\u00e4chsten Tag geeignet. Vorbestellungen m\u00fcssen im vereinbarten Zeitfenster am ausgew\u00e4hlten Standort abgeholt werden. Wir k\u00f6nnen nicht sicherstellen, dass deine Donuts zu einem sp\u00e4teren Zeitpunkt noch verf\u00fcgbar sind. [&hellip;]\" \/>\n<meta property=\"og:url\" content=\"https:\/\/www.brammibalsdonuts.de\/allgemeine-geschaeftsbedingungen\/\" \/>\n<meta property=\"og:site_name\" content=\"Brammibal&#039;s Vegan Donuts\" \/>\n<meta property=\"article:publisher\" content=\"https:\/\/www.facebook.com\/brammibalsdonuts\/\" \/>\n<meta property=\"article:modified_time\" content=\"2025-04-10T12:24:55+00:00\" \/>\n<meta name=\"twitter:card\" content=\"summary_large_image\" \/>\n<meta name=\"twitter:label1\" content=\"Gesch\u00e4tzte Lesezeit\" \/>\n\t<meta name=\"twitter:data1\" content=\"4\u00a0Minuten\" \/>\n<script type=\"application\/ld+json\" class=\"yoast-schema-graph\">{\"@context\":\"https:\\\/\\\/schema.org\",\"@graph\":[{\"@type\":\"WebPage\",\"@id\":\"https:\\\/\\\/www.brammibalsdonuts.de\\\/allgemeine-geschaeftsbedingungen\\\/\",\"url\":\"https:\\\/\\\/www.brammibalsdonuts.de\\\/allgemeine-geschaeftsbedingungen\\\/\",\"name\":\"Allgemeine Gesch\u00e4ftsbedingungen - Brammibal&#039;s Vegan Donuts\",\"isPartOf\":{\"@id\":\"https:\\\/\\\/www.brammibalsdonuts.pro\\\/#website\"},\"datePublished\":\"2020-11-03T12:37:04+00:00\",\"dateModified\":\"2025-04-10T12:24:55+00:00\",\"breadcrumb\":{\"@id\":\"https:\\\/\\\/www.brammibalsdonuts.de\\\/allgemeine-geschaeftsbedingungen\\\/#breadcrumb\"},\"inLanguage\":\"de\",\"potentialAction\":[{\"@type\":\"ReadAction\",\"target\":[\"https:\\\/\\\/www.brammibalsdonuts.de\\\/allgemeine-geschaeftsbedingungen\\\/\"]}]},{\"@type\":\"BreadcrumbList\",\"@id\":\"https:\\\/\\\/www.brammibalsdonuts.de\\\/allgemeine-geschaeftsbedingungen\\\/#breadcrumb\",\"itemListElement\":[{\"@type\":\"ListItem\",\"position\":1,\"name\":\"Home\",\"item\":\"https:\\\/\\\/www.brammibalsdonuts.pro\\\/de\\\/\"},{\"@type\":\"ListItem\",\"position\":2,\"name\":\"Allgemeine Gesch\u00e4ftsbedingungen\"}]},{\"@type\":\"WebSite\",\"@id\":\"https:\\\/\\\/www.brammibalsdonuts.pro\\\/#website\",\"url\":\"https:\\\/\\\/www.brammibalsdonuts.pro\\\/\",\"name\":\"Brammibal's Vegan Donuts\",\"description\":\"The best donuts in town.\",\"publisher\":{\"@id\":\"https:\\\/\\\/www.brammibalsdonuts.pro\\\/#organization\"},\"potentialAction\":[{\"@type\":\"SearchAction\",\"target\":{\"@type\":\"EntryPoint\",\"urlTemplate\":\"https:\\\/\\\/www.brammibalsdonuts.pro\\\/?s={search_term_string}\"},\"query-input\":{\"@type\":\"PropertyValueSpecification\",\"valueRequired\":true,\"valueName\":\"search_term_string\"}}],\"inLanguage\":\"de\"},{\"@type\":\"Organization\",\"@id\":\"https:\\\/\\\/www.brammibalsdonuts.pro\\\/#organization\",\"name\":\"Brammibal's Vegan Donuts\",\"url\":\"https:\\\/\\\/www.brammibalsdonuts.pro\\\/\",\"logo\":{\"@type\":\"ImageObject\",\"inLanguage\":\"de\",\"@id\":\"https:\\\/\\\/www.brammibalsdonuts.pro\\\/#\\\/schema\\\/logo\\\/image\\\/\",\"url\":\"https:\\\/\\\/www.brammibalsdonuts.pro\\\/wp-content\\\/uploads\\\/2020\\\/09\\\/logo-transparent.png\",\"contentUrl\":\"https:\\\/\\\/www.brammibalsdonuts.pro\\\/wp-content\\\/uploads\\\/2020\\\/09\\\/logo-transparent.png\",\"width\":265,\"height\":234,\"caption\":\"Brammibal's Vegan Donuts\"},\"image\":{\"@id\":\"https:\\\/\\\/www.brammibalsdonuts.pro\\\/#\\\/schema\\\/logo\\\/image\\\/\"},\"sameAs\":[\"https:\\\/\\\/www.facebook.com\\\/brammibalsdonuts\\\/\",\"https:\\\/\\\/www.instagram.com\\\/brammibalsdonuts\\\/\",\"https:\\\/\\\/www.tiktok.com\\\/@brammibalsdonuts?lang=en\",\"https:\\\/\\\/www.linkedin.com\\\/company\\\/brammibals-donuts\\\/?originalSubdomain=de\"]}]}<\/script>\n<!-- \/ Yoast SEO plugin. -->","yoast_head_json":{"title":"Allgemeine Gesch\u00e4ftsbedingungen - Brammibal&#039;s Vegan Donuts","robots":{"index":"index","follow":"follow","max-snippet":"max-snippet:-1","max-image-preview":"max-image-preview:large","max-video-preview":"max-video-preview:-1"},"canonical":"https:\/\/www.brammibalsdonuts.de\/allgemeine-geschaeftsbedingungen\/","og_locale":"de_DE","og_type":"article","og_title":"Allgemeine Gesch\u00e4ftsbedingungen - Brammibal&#039;s Vegan Donuts","og_description":"Donut Vorbestellungen Unsere Donuts werden t\u00e4glich frisch hergestellt ohne Verwendung von Konservierungsstoffen und sollten daher noch am gleichen Tag verzehrt werden. Unsere Donuts sind nicht zum Verzehr am n\u00e4chsten Tag geeignet. Vorbestellungen m\u00fcssen im vereinbarten Zeitfenster am ausgew\u00e4hlten Standort abgeholt werden. Wir k\u00f6nnen nicht sicherstellen, dass deine Donuts zu einem sp\u00e4teren Zeitpunkt noch verf\u00fcgbar sind. [&hellip;]","og_url":"https:\/\/www.brammibalsdonuts.de\/allgemeine-geschaeftsbedingungen\/","og_site_name":"Brammibal&#039;s Vegan Donuts","article_publisher":"https:\/\/www.facebook.com\/brammibalsdonuts\/","article_modified_time":"2025-04-10T12:24:55+00:00","twitter_card":"summary_large_image","twitter_misc":{"Gesch\u00e4tzte Lesezeit":"4\u00a0Minuten"},"schema":{"@context":"https:\/\/schema.org","@graph":[{"@type":"WebPage","@id":"https:\/\/www.brammibalsdonuts.de\/allgemeine-geschaeftsbedingungen\/","url":"https:\/\/www.brammibalsdonuts.de\/allgemeine-geschaeftsbedingungen\/","name":"Allgemeine Gesch\u00e4ftsbedingungen - Brammibal&#039;s Vegan Donuts","isPartOf":{"@id":"https:\/\/www.brammibalsdonuts.pro\/#website"},"datePublished":"2020-11-03T12:37:04+00:00","dateModified":"2025-04-10T12:24:55+00:00","breadcrumb":{"@id":"https:\/\/www.brammibalsdonuts.de\/allgemeine-geschaeftsbedingungen\/#breadcrumb"},"inLanguage":"de","potentialAction":[{"@type":"ReadAction","target":["https:\/\/www.brammibalsdonuts.de\/allgemeine-geschaeftsbedingungen\/"]}]},{"@type":"BreadcrumbList","@id":"https:\/\/www.brammibalsdonuts.de\/allgemeine-geschaeftsbedingungen\/#breadcrumb","itemListElement":[{"@type":"ListItem","position":1,"name":"Home","item":"https:\/\/www.brammibalsdonuts.pro\/de\/"},{"@type":"ListItem","position":2,"name":"Allgemeine Gesch\u00e4ftsbedingungen"}]},{"@type":"WebSite","@id":"https:\/\/www.brammibalsdonuts.pro\/#website","url":"https:\/\/www.brammibalsdonuts.pro\/","name":"Brammibal's Vegan Donuts","description":"The best donuts in town.","publisher":{"@id":"https:\/\/www.brammibalsdonuts.pro\/#organization"},"potentialAction":[{"@type":"SearchAction","target":{"@type":"EntryPoint","urlTemplate":"https:\/\/www.brammibalsdonuts.pro\/?s={search_term_string}"},"query-input":{"@type":"PropertyValueSpecification","valueRequired":true,"valueName":"search_term_string"}}],"inLanguage":"de"},{"@type":"Organization","@id":"https:\/\/www.brammibalsdonuts.pro\/#organization","name":"Brammibal's Vegan Donuts","url":"https:\/\/www.brammibalsdonuts.pro\/","logo":{"@type":"ImageObject","inLanguage":"de","@id":"https:\/\/www.brammibalsdonuts.pro\/#\/schema\/logo\/image\/","url":"https:\/\/www.brammibalsdonuts.pro\/wp-content\/uploads\/2020\/09\/logo-transparent.png","contentUrl":"https:\/\/www.brammibalsdonuts.pro\/wp-content\/uploads\/2020\/09\/logo-transparent.png","width":265,"height":234,"caption":"Brammibal's Vegan Donuts"},"image":{"@id":"https:\/\/www.brammibalsdonuts.pro\/#\/schema\/logo\/image\/"},"sameAs":["https:\/\/www.facebook.com\/brammibalsdonuts\/","https:\/\/www.instagram.com\/brammibalsdonuts\/","https:\/\/www.tiktok.com\/@brammibalsdonuts?lang=en","https:\/\/www.linkedin.com\/company\/brammibals-donuts\/?originalSubdomain=de"]}]}},"_links":{"self":[{"href":"https:\/\/www.brammibalsdonuts.pro\/de\/wp-json\/wp\/v2\/pages\/50335","targetHints":{"allow":["GET"]}}],"collection":[{"href":"https:\/\/www.brammibalsdonuts.pro\/de\/wp-json\/wp\/v2\/pages"}],"about":[{"href":"https:\/\/www.brammibalsdonuts.pro\/de\/wp-json\/wp\/v2\/types\/page"}],"author":[{"embeddable":true,"href":"https:\/\/www.brammibalsdonuts.pro\/de\/wp-json\/wp\/v2\/users\/2"}],"replies":[{"embeddable":true,"href":"https:\/\/www.brammibalsdonuts.pro\/de\/wp-json\/wp\/v2\/comments?post=50335"}],"version-history":[{"count":3,"href":"https:\/\/www.brammibalsdonuts.pro\/de\/wp-json\/wp\/v2\/pages\/50335\/revisions"}],"predecessor-version":[{"id":504907,"href":"https:\/\/www.brammibalsdonuts.pro\/de\/wp-json\/wp\/v2\/pages\/50335\/revisions\/504907"}],"wp:attachment":[{"href":"https:\/\/www.brammibalsdonuts.pro\/de\/wp-json\/wp\/v2\/media?parent=50335"}],"curies":[{"name":"wp","href":"https:\/\/api.w.org\/{rel}","templated":true}]}}