{"id":289113,"date":"2023-02-22T14:53:12","date_gmt":"2023-02-22T13:53:12","guid":{"rendered":"https:\/\/www.brammibalsdonuts.pro\/?page_id=289113"},"modified":"2026-01-09T16:02:30","modified_gmt":"2026-01-09T15:02:30","slug":"versand-zahlung","status":"publish","type":"page","link":"https:\/\/www.brammibalsdonuts.pro\/de\/versand-zahlung\/","title":{"rendered":"Versand &#038; Zahlung"},"content":{"rendered":"\n<h4 class=\"wp-block-heading\">Versand<\/h4>\n\n\n\n<p>F\u00fcr unsere Merch-Produkte arbeiten wir in Deutschland sowie innerhalb Europas mit DHL als Versanddienstleister. Sobald deine Bestellung unser Lager verlassen hat, erh\u00e4ltst du eine Versandbest\u00e4tigung per E-Mail inklusive Sendungsverfolgung.<\/p>\n\n\n\n<p>Die Versandkosten betragen pauschal<br>\u2013 <strong>5,49 \u20ac innerhalb Deutschlands<\/strong><br>\u2013 <strong>13,99 \u20ac innerhalb Europas<\/strong><\/p>\n\n\n\n<p>Alle Preise verstehen sich inklusive der gesetzlichen Mehrwertsteuer von 19 %. Der Versand erfolgt versichert und mit Sendungsverfolgung.<\/p>\n\n\n\n<h4 class=\"wp-block-heading\">Verf\u00fcgbarkeit<\/h4>\n\n\n\n<p>Alle verf\u00fcgbaren Artikel werden auf unserer Merch-Seite angezeigt, sind auf Lager und sofort versandfertig.<br>Solltest du einen Artikel in einer gr\u00f6\u00dferen Menge bestellen wollen, als aktuell verf\u00fcgbar ist, kontaktiere uns gerne vorab.<\/p>\n\n\n\n<p>E-Mail: <a>hello@brammibalsdonuts.pro<\/a><\/p>\n\n\n\n<h4 class=\"wp-block-heading\">Lieferzeit<\/h4>\n\n\n\n<p>Der Versand erfolgt von Montag bis Freitag.<br>Innerhalb Deutschlands kannst du \u2013 abh\u00e4ngig vom Logistikdienstleister DHL \u2013 mit einer Lieferzeit von <strong>3\u20135 Werktagen<\/strong> rechnen.<br>An Sonn- und Feiertagen erfolgt keine Zustellung.<\/p>\n\n\n\n<h4 class=\"wp-block-heading\">Zahlung<\/h4>\n\n\n\n<p>In unserem Online-Shop kannst du mit <strong>PayPal, Kreditkarte, Apple Pay oder SOFORT (Klarna)<\/strong> bezahlen.<\/p>\n\n\n\n<p>Bitte beachte: Bei Auswahl einer Zahlung per \u00dcberweisung kann sich der Versand um <strong>1\u20132 Werktage<\/strong> verz\u00f6gern, da der Versand erst nach Zahlungseingang erfolgt.<\/p>\n","protected":false},"excerpt":{"rendered":"<p>Versand F\u00fcr unsere Merch-Produkte arbeiten wir in Deutschland sowie innerhalb Europas mit DHL als Versanddienstleister. Sobald deine Bestellung unser Lager verlassen hat, erh\u00e4ltst du eine Versandbest\u00e4tigung per E-Mail inklusive Sendungsverfolgung. Die Versandkosten betragen pauschal\u2013 5,49 \u20ac innerhalb Deutschlands\u2013 13,99 \u20ac innerhalb Europas Alle Preise verstehen sich inklusive der gesetzlichen Mehrwertsteuer von 19 %. Der Versand [&hellip;]<\/p>\n","protected":false},"author":2,"featured_media":0,"parent":0,"menu_order":12,"comment_status":"closed","ping_status":"closed","template":"","meta":{"_acf_changed":false,"footnotes":""},"class_list":["post-289113","page","type-page","status-publish","hentry"],"acf":[],"yoast_head":"<!-- This site is optimized with the Yoast SEO plugin v27.3 - https:\/\/yoast.com\/product\/yoast-seo-wordpress\/ -->\n<title>Versand &amp; Zahlung - Brammibal&#039;s Vegan Donuts<\/title>\n<meta name=\"robots\" content=\"index, follow, max-snippet:-1, max-image-preview:large, max-video-preview:-1\" \/>\n<link rel=\"canonical\" href=\"https:\/\/www.brammibalsdonuts.pro\/de\/versand-zahlung\/\" \/>\n<meta property=\"og:locale\" content=\"de_DE\" \/>\n<meta property=\"og:type\" content=\"article\" \/>\n<meta property=\"og:title\" content=\"Versand &amp; Zahlung - Brammibal&#039;s Vegan Donuts\" \/>\n<meta property=\"og:description\" content=\"Versand F\u00fcr unsere Merch-Produkte arbeiten wir in Deutschland sowie innerhalb Europas mit DHL als Versanddienstleister. Sobald deine Bestellung unser Lager verlassen hat, erh\u00e4ltst du eine Versandbest\u00e4tigung per E-Mail inklusive Sendungsverfolgung. Die Versandkosten betragen pauschal\u2013 5,49 \u20ac innerhalb Deutschlands\u2013 13,99 \u20ac innerhalb Europas Alle Preise verstehen sich inklusive der gesetzlichen Mehrwertsteuer von 19 %. Der Versand [&hellip;]\" \/>\n<meta property=\"og:url\" content=\"https:\/\/www.brammibalsdonuts.pro\/de\/versand-zahlung\/\" \/>\n<meta property=\"og:site_name\" content=\"Brammibal&#039;s Vegan Donuts\" \/>\n<meta property=\"article:publisher\" content=\"https:\/\/www.facebook.com\/brammibalsdonuts\/\" \/>\n<meta property=\"article:modified_time\" content=\"2026-01-09T15:02:30+00:00\" \/>\n<meta name=\"twitter:card\" content=\"summary_large_image\" \/>\n<meta name=\"twitter:label1\" content=\"Gesch\u00e4tzte Lesezeit\" \/>\n\t<meta name=\"twitter:data1\" content=\"1\u00a0Minute\" \/>\n<script type=\"application\/ld+json\" class=\"yoast-schema-graph\">{\"@context\":\"https:\\\/\\\/schema.org\",\"@graph\":[{\"@type\":\"WebPage\",\"@id\":\"https:\\\/\\\/www.brammibalsdonuts.pro\\\/de\\\/versand-zahlung\\\/\",\"url\":\"https:\\\/\\\/www.brammibalsdonuts.pro\\\/de\\\/versand-zahlung\\\/\",\"name\":\"Versand & Zahlung - Brammibal&#039;s Vegan Donuts\",\"isPartOf\":{\"@id\":\"https:\\\/\\\/www.brammibalsdonuts.pro\\\/#website\"},\"datePublished\":\"2023-02-22T13:53:12+00:00\",\"dateModified\":\"2026-01-09T15:02:30+00:00\",\"breadcrumb\":{\"@id\":\"https:\\\/\\\/www.brammibalsdonuts.pro\\\/de\\\/versand-zahlung\\\/#breadcrumb\"},\"inLanguage\":\"de\",\"potentialAction\":[{\"@type\":\"ReadAction\",\"target\":[\"https:\\\/\\\/www.brammibalsdonuts.pro\\\/de\\\/versand-zahlung\\\/\"]}]},{\"@type\":\"BreadcrumbList\",\"@id\":\"https:\\\/\\\/www.brammibalsdonuts.pro\\\/de\\\/versand-zahlung\\\/#breadcrumb\",\"itemListElement\":[{\"@type\":\"ListItem\",\"position\":1,\"name\":\"Home\",\"item\":\"https:\\\/\\\/www.brammibalsdonuts.pro\\\/de\\\/\"},{\"@type\":\"ListItem\",\"position\":2,\"name\":\"Versand &#038; Zahlung\"}]},{\"@type\":\"WebSite\",\"@id\":\"https:\\\/\\\/www.brammibalsdonuts.pro\\\/#website\",\"url\":\"https:\\\/\\\/www.brammibalsdonuts.pro\\\/\",\"name\":\"Brammibal's Vegan Donuts\",\"description\":\"The best donuts in town.\",\"publisher\":{\"@id\":\"https:\\\/\\\/www.brammibalsdonuts.pro\\\/#organization\"},\"potentialAction\":[{\"@type\":\"SearchAction\",\"target\":{\"@type\":\"EntryPoint\",\"urlTemplate\":\"https:\\\/\\\/www.brammibalsdonuts.pro\\\/?s={search_term_string}\"},\"query-input\":{\"@type\":\"PropertyValueSpecification\",\"valueRequired\":true,\"valueName\":\"search_term_string\"}}],\"inLanguage\":\"de\"},{\"@type\":\"Organization\",\"@id\":\"https:\\\/\\\/www.brammibalsdonuts.pro\\\/#organization\",\"name\":\"Brammibal's Vegan Donuts\",\"url\":\"https:\\\/\\\/www.brammibalsdonuts.pro\\\/\",\"logo\":{\"@type\":\"ImageObject\",\"inLanguage\":\"de\",\"@id\":\"https:\\\/\\\/www.brammibalsdonuts.pro\\\/#\\\/schema\\\/logo\\\/image\\\/\",\"url\":\"https:\\\/\\\/www.brammibalsdonuts.pro\\\/wp-content\\\/uploads\\\/2020\\\/09\\\/logo-transparent.png\",\"contentUrl\":\"https:\\\/\\\/www.brammibalsdonuts.pro\\\/wp-content\\\/uploads\\\/2020\\\/09\\\/logo-transparent.png\",\"width\":265,\"height\":234,\"caption\":\"Brammibal's Vegan Donuts\"},\"image\":{\"@id\":\"https:\\\/\\\/www.brammibalsdonuts.pro\\\/#\\\/schema\\\/logo\\\/image\\\/\"},\"sameAs\":[\"https:\\\/\\\/www.facebook.com\\\/brammibalsdonuts\\\/\",\"https:\\\/\\\/www.instagram.com\\\/brammibalsdonuts\\\/\",\"https:\\\/\\\/www.tiktok.com\\\/@brammibalsdonuts?lang=en\",\"https:\\\/\\\/www.linkedin.com\\\/company\\\/brammibals-donuts\\\/?originalSubdomain=de\"]}]}<\/script>\n<!-- \/ Yoast SEO plugin. -->","yoast_head_json":{"title":"Versand & Zahlung - Brammibal&#039;s Vegan Donuts","robots":{"index":"index","follow":"follow","max-snippet":"max-snippet:-1","max-image-preview":"max-image-preview:large","max-video-preview":"max-video-preview:-1"},"canonical":"https:\/\/www.brammibalsdonuts.pro\/de\/versand-zahlung\/","og_locale":"de_DE","og_type":"article","og_title":"Versand & Zahlung - Brammibal&#039;s Vegan Donuts","og_description":"Versand F\u00fcr unsere Merch-Produkte arbeiten wir in Deutschland sowie innerhalb Europas mit DHL als Versanddienstleister. Sobald deine Bestellung unser Lager verlassen hat, erh\u00e4ltst du eine Versandbest\u00e4tigung per E-Mail inklusive Sendungsverfolgung. Die Versandkosten betragen pauschal\u2013 5,49 \u20ac innerhalb Deutschlands\u2013 13,99 \u20ac innerhalb Europas Alle Preise verstehen sich inklusive der gesetzlichen Mehrwertsteuer von 19 %. Der Versand [&hellip;]","og_url":"https:\/\/www.brammibalsdonuts.pro\/de\/versand-zahlung\/","og_site_name":"Brammibal&#039;s Vegan Donuts","article_publisher":"https:\/\/www.facebook.com\/brammibalsdonuts\/","article_modified_time":"2026-01-09T15:02:30+00:00","twitter_card":"summary_large_image","twitter_misc":{"Gesch\u00e4tzte Lesezeit":"1\u00a0Minute"},"schema":{"@context":"https:\/\/schema.org","@graph":[{"@type":"WebPage","@id":"https:\/\/www.brammibalsdonuts.pro\/de\/versand-zahlung\/","url":"https:\/\/www.brammibalsdonuts.pro\/de\/versand-zahlung\/","name":"Versand & Zahlung - Brammibal&#039;s Vegan Donuts","isPartOf":{"@id":"https:\/\/www.brammibalsdonuts.pro\/#website"},"datePublished":"2023-02-22T13:53:12+00:00","dateModified":"2026-01-09T15:02:30+00:00","breadcrumb":{"@id":"https:\/\/www.brammibalsdonuts.pro\/de\/versand-zahlung\/#breadcrumb"},"inLanguage":"de","potentialAction":[{"@type":"ReadAction","target":["https:\/\/www.brammibalsdonuts.pro\/de\/versand-zahlung\/"]}]},{"@type":"BreadcrumbList","@id":"https:\/\/www.brammibalsdonuts.pro\/de\/versand-zahlung\/#breadcrumb","itemListElement":[{"@type":"ListItem","position":1,"name":"Home","item":"https:\/\/www.brammibalsdonuts.pro\/de\/"},{"@type":"ListItem","position":2,"name":"Versand &#038; Zahlung"}]},{"@type":"WebSite","@id":"https:\/\/www.brammibalsdonuts.pro\/#website","url":"https:\/\/www.brammibalsdonuts.pro\/","name":"Brammibal's Vegan Donuts","description":"The best donuts in town.","publisher":{"@id":"https:\/\/www.brammibalsdonuts.pro\/#organization"},"potentialAction":[{"@type":"SearchAction","target":{"@type":"EntryPoint","urlTemplate":"https:\/\/www.brammibalsdonuts.pro\/?s={search_term_string}"},"query-input":{"@type":"PropertyValueSpecification","valueRequired":true,"valueName":"search_term_string"}}],"inLanguage":"de"},{"@type":"Organization","@id":"https:\/\/www.brammibalsdonuts.pro\/#organization","name":"Brammibal's Vegan Donuts","url":"https:\/\/www.brammibalsdonuts.pro\/","logo":{"@type":"ImageObject","inLanguage":"de","@id":"https:\/\/www.brammibalsdonuts.pro\/#\/schema\/logo\/image\/","url":"https:\/\/www.brammibalsdonuts.pro\/wp-content\/uploads\/2020\/09\/logo-transparent.png","contentUrl":"https:\/\/www.brammibalsdonuts.pro\/wp-content\/uploads\/2020\/09\/logo-transparent.png","width":265,"height":234,"caption":"Brammibal's Vegan Donuts"},"image":{"@id":"https:\/\/www.brammibalsdonuts.pro\/#\/schema\/logo\/image\/"},"sameAs":["https:\/\/www.facebook.com\/brammibalsdonuts\/","https:\/\/www.instagram.com\/brammibalsdonuts\/","https:\/\/www.tiktok.com\/@brammibalsdonuts?lang=en","https:\/\/www.linkedin.com\/company\/brammibals-donuts\/?originalSubdomain=de"]}]}},"_links":{"self":[{"href":"https:\/\/www.brammibalsdonuts.pro\/de\/wp-json\/wp\/v2\/pages\/289113","targetHints":{"allow":["GET"]}}],"collection":[{"href":"https:\/\/www.brammibalsdonuts.pro\/de\/wp-json\/wp\/v2\/pages"}],"about":[{"href":"https:\/\/www.brammibalsdonuts.pro\/de\/wp-json\/wp\/v2\/types\/page"}],"author":[{"embeddable":true,"href":"https:\/\/www.brammibalsdonuts.pro\/de\/wp-json\/wp\/v2\/users\/2"}],"replies":[{"embeddable":true,"href":"https:\/\/www.brammibalsdonuts.pro\/de\/wp-json\/wp\/v2\/comments?post=289113"}],"version-history":[{"count":6,"href":"https:\/\/www.brammibalsdonuts.pro\/de\/wp-json\/wp\/v2\/pages\/289113\/revisions"}],"predecessor-version":[{"id":667933,"href":"https:\/\/www.brammibalsdonuts.pro\/de\/wp-json\/wp\/v2\/pages\/289113\/revisions\/667933"}],"wp:attachment":[{"href":"https:\/\/www.brammibalsdonuts.pro\/de\/wp-json\/wp\/v2\/media?parent=289113"}],"curies":[{"name":"wp","href":"https:\/\/api.w.org\/{rel}","templated":true}]}}